{"id":13,"date":"2022-09-02T11:32:51","date_gmt":"2022-09-02T11:32:51","guid":{"rendered":"https:\/\/mongeometrija2023.ftn.uns.ac.rs\/?page_id=13"},"modified":"2023-03-29T11:33:14","modified_gmt":"2023-03-29T11:33:14","slug":"organisation","status":"publish","type":"page","link":"https:\/\/mongeometrija2023.ftn.uns.ac.rs\/?page_id=13","title":{"rendered":"Organisation"},"content":{"rendered":"\n<p><strong>Organising institutions<\/strong><br><a href=\"http:\/\/sugig.mongeometrija.com\/\">Serbian Society for Geometry and Graphics<\/a>,<br><a href=\"https:\/\/isgg.net\/\">International Society for Geometry and Graphics<\/a>,<br><a href=\"http:\/\/ftn.uns.ac.rs\/\">Faculty of Technical Sciences, University of Novi Sad<\/a>,<br><a href=\"http:\/\/www.arhns.uns.ac.rs\/cdd\/\">Digital Design Center<\/a><\/p>\n\n\n\n<p><strong>Organizing Committee<\/strong><\/p>\n\n\n\n<p>Ivana Baj\u0161anski &#8211; Chair<br>Marko Jovanovi\u0107 &#8211; Chair<br>Vesna Stojakovi\u0107<br>Bojan Tepav\u010devi\u0107<br>Marko Vu\u010di\u0107<br>Slobodan Mi\u0161i\u0107<\/p>\n\n\n\n<p><strong>Assistant Team<\/strong><\/p>\n\n\n\n<p>Jelena Ki\u0107anovi\u0107<br>Milo\u0161 Obradovi\u0107<br>Jelena Pepi\u0107<\/p>\n\n\n\n<p><strong>Scientific Committee<\/strong> <\/p>\n\n\n\n<figure class=\"wp-block-table is-style-stripes\"><table class=\"has-fixed-layout\"><tbody><tr><td>Hellmuth Stachel<\/td><td>Austria<\/td><\/tr><tr><td>Albert Wiltsche<\/td><td>Austria<\/td><\/tr><tr><td>Milena Stavric<\/td><td>Austria<\/td><\/tr><tr><td>Ema Jurkin<\/td><td>Croatia<\/td><\/tr><tr><td>Emil Molnar<\/td><td>Hungary<\/td><\/tr><tr><td>Marija Jevri\u0107<\/td><td>Montenegro<\/td><\/tr><tr><td>Tashko Rizov<\/td><td>North Macedonia<\/td><\/tr><tr><td>Sofija Sidorenko<\/td><td>North Macedonia<\/td><\/tr><tr><td>Vera Viana<\/td><td>Portugal<\/td><\/tr><tr><td>Alina Duta<\/td><td>Romania<\/td><\/tr><tr><td>Carmen Marza<\/td><td>Romania<\/td><\/tr><tr><td>Radovan \u0160tuli\u0107<\/td><td>Serbia<\/td><\/tr><tr><td>Maja Petrovi\u0107<\/td><td>Serbia<\/td><\/tr><tr><td>Ivana Vasiljevi\u0107<\/td><td>Serbia<\/td><\/tr><tr><td>Djordje Djordjevic<\/td><td>Serbia<\/td><\/tr><tr><td>Ljiljana Radovic<\/td><td>Serbia<\/td><\/tr><tr><td>Sonja Krasi\u0107<\/td><td>Serbia<\/td><\/tr><tr><td>Ksenija Hiel<\/td><td>Serbia<\/td><\/tr><tr><td>Dejana Nedu\u010din<\/td><td>Serbia<\/td><\/tr><tr><td>Ljubica Velimirovic<\/td><td>Serbia<\/td><\/tr><tr><td>Vesna Stojakovic<\/td><td>Serbia<\/td><\/tr><tr><td>Marko Lazi\u0107<\/td><td>Serbia<\/td><\/tr><tr><td>Bojan Tepav\u010devi\u0107<\/td><td>Serbia<\/td><\/tr><tr><td>Ratko Obradovic<\/td><td>Serbia<\/td><\/tr><tr><td>Magdalena Dragovic<\/td><td>Serbia<\/td><\/tr><tr><td>Milena Krklje\u0161<\/td><td>Serbia<\/td><\/tr><tr><td>Slobodan Mi\u0161i\u0107<\/td><td>Serbia<\/td><\/tr><tr><td>Zorana Jeli<\/td><td>Serbia<\/td><\/tr><tr><td>Marija Obradovi\u0107<\/td><td>Serbia<\/td><\/tr><tr><td>Branislav Popkonstantinovi\u0107<\/td><td>Serbia<\/td><\/tr><tr><td>Gordana \u0110ukanovi\u0107<\/td><td>Serbia<\/td><\/tr><tr><td>Branko Male\u0161evi\u0107<\/td><td>Serbia<\/td><\/tr><tr><td><\/td><td><\/td><\/tr><tr><td>Honorable member<\/td><td><\/td><\/tr><tr><td>Lazar Dovnikovi\u0107<\/td><td>Serbia<\/td><\/tr><\/tbody><\/table><\/figure>\n\n\n\n<p><strong>Sponsors<\/strong> <\/p>\n\n\n\n<figure class=\"wp-block-image size-full\"><img loading=\"lazy\" decoding=\"async\" width=\"300\" height=\"206\" src=\"https:\/\/mongeometrija2023.ftn.uns.ac.rs\/wp-content\/uploads\/2023\/03\/higher_education_sr-300x206-1.png\" alt=\"\" class=\"wp-image-390\"\/><\/figure>\n\n\n\n<figure class=\"wp-block-image size-full\"><img loading=\"lazy\" decoding=\"async\" width=\"413\" height=\"122\" src=\"https:\/\/mongeometrija2023.ftn.uns.ac.rs\/wp-content\/uploads\/2023\/03\/unnamed.png\" alt=\"\" class=\"wp-image-391\" srcset=\"https:\/\/mongeometrija2023.ftn.uns.ac.rs\/wp-content\/uploads\/2023\/03\/unnamed.png 413w, https:\/\/mongeometrija2023.ftn.uns.ac.rs\/wp-content\/uploads\/2023\/03\/unnamed-300x89.png 300w\" sizes=\"(max-width: 413px) 100vw, 413px\" \/><\/figure>\n","protected":false},"excerpt":{"rendered":"<p>Organising institutionsSerbian Society for Geometry and Graphics,International Society for Geometry and Graphics,Faculty of Technical Sciences, University of Novi Sad,Digital Design Center Organizing Committee Ivana Baj\u0161anski &#8211; ChairMarko Jovanovi\u0107 &#8211; ChairVesna Stojakovi\u0107Bojan Tepav\u010devi\u0107Marko Vu\u010di\u0107Slobodan Mi\u0161i\u0107 Assistant Team Jelena Ki\u0107anovi\u0107Milo\u0161 Obradovi\u0107Jelena Pepi\u0107 Scientific Committee Hellmuth Stachel Austria Albert Wiltsche Austria Milena Stavric Austria Ema Jurkin Croatia Emil &hellip; <\/p>\n<p class=\"link-more\"><a href=\"https:\/\/mongeometrija2023.ftn.uns.ac.rs\/?page_id=13\" class=\"more-link\">Continue reading<span class=\"screen-reader-text\"> &#8220;Organisation&#8221;<\/span><\/a><\/p>\n","protected":false},"author":2,"featured_media":0,"parent":0,"menu_order":0,"comment_status":"closed","ping_status":"closed","template":"","meta":{"footnotes":""},"_links":{"self":[{"href":"https:\/\/mongeometrija2023.ftn.uns.ac.rs\/index.php?rest_route=\/wp\/v2\/pages\/13"}],"collection":[{"href":"https:\/\/mongeometrija2023.ftn.uns.ac.rs\/index.php?rest_route=\/wp\/v2\/pages"}],"about":[{"href":"https:\/\/mongeometrija2023.ftn.uns.ac.rs\/index.php?rest_route=\/wp\/v2\/types\/page"}],"author":[{"embeddable":true,"href":"https:\/\/mongeometrija2023.ftn.uns.ac.rs\/index.php?rest_route=\/wp\/v2\/users\/2"}],"replies":[{"embeddable":true,"href":"https:\/\/mongeometrija2023.ftn.uns.ac.rs\/index.php?rest_route=%2Fwp%2Fv2%2Fcomments&post=13"}],"version-history":[{"count":16,"href":"https:\/\/mongeometrija2023.ftn.uns.ac.rs\/index.php?rest_route=\/wp\/v2\/pages\/13\/revisions"}],"predecessor-version":[{"id":392,"href":"https:\/\/mongeometrija2023.ftn.uns.ac.rs\/index.php?rest_route=\/wp\/v2\/pages\/13\/revisions\/392"}],"wp:attachment":[{"href":"https:\/\/mongeometrija2023.ftn.uns.ac.rs\/index.php?rest_route=%2Fwp%2Fv2%2Fmedia&parent=13"}],"curies":[{"name":"wp","href":"https:\/\/api.w.org\/{rel}","templated":true}]}}